{"id":21615,"date":"2020-09-09T07:56:41","date_gmt":"2020-09-09T04:56:41","guid":{"rendered":"https:\/\/hekotek.veebispetsid.com\/?page_id=21615"},"modified":"2025-12-09T16:23:54","modified_gmt":"2025-12-09T14:23:54","slug":"uudised","status":"publish","type":"page","link":"https:\/\/hekotek.ee\/et\/uudised\/","title":{"rendered":"Uudised"},"content":{"rendered":"<p><div class=\"fusion-fullwidth fullwidth-box fusion-builder-row-1 fusion-flex-container nonhundred-percent-fullwidth non-hundred-percent-height-scrolling gradient-container-1\" style=\"--awb-border-radius-top-left:0px;--awb-border-radius-top-right:0px;--awb-border-radius-bottom-right:0px;--awb-border-radius-bottom-left:0px;--awb-margin-top:-30px;--awb-flex-wrap:wrap;\" ><div class=\"fusion-builder-row fusion-row fusion-flex-align-items-flex-start fusion-flex-content-wrap\" style=\"max-width:1248px;margin-left: calc(-4% \/ 2 );margin-right: calc(-4% \/ 2 );\"><div class=\"fusion-layout-column fusion_builder_column fusion-builder-column-0 fusion_builder_column_1_1 1_1 fusion-flex-column\" style=\"--awb-bg-size:cover;--awb-width-large:100%;--awb-order-large:0;--awb-margin-top-large:0px;--awb-spacing-right-large:1.92%;--awb-margin-bottom-large:20px;--awb-spacing-left-large:1.92%;--awb-width-medium:100%;--awb-order-medium:0;--awb-spacing-right-medium:1.92%;--awb-spacing-left-medium:1.92%;--awb-width-small:100%;--awb-order-small:0;--awb-spacing-right-small:1.92%;--awb-spacing-left-small:1.92%;\"><div class=\"fusion-column-wrapper fusion-column-has-shadow fusion-flex-justify-content-flex-start fusion-content-layout-column\">\n\t\t\t\t<p class=\"rs-p-wp-fix\"><\/p>\n\t\t\t\t<sr7-module data-alias=\"referentsid-11\" data-id=\"43\" id=\"SR7_43_1\" data-version=\"6.7.51\">\n\t\t\t\t\t<sr7-adjuster><\/sr7-adjuster>\n\t\t\t\t\t<sr7-content>\n\t\t\t\t\t\t<sr7-slide id=\"SR7_43_1-40\" data-key=\"40\">\n\t\t\t\t\t\t\t<sr7-bg id=\"SR7_43_1-40-slidebg\" class=\"sr7-layer\"><noscript><img decoding=\"async\" src=\"https:\/\/hekotek.ee\/wp-content\/uploads\/2020\/09\/0034534534.jpg\" alt=\"\" title=\"0034534534\"><\/noscript><\/sr7-bg>\n\t\t\t\t\t\t\t<sr7-txt id=\"SR7_43_1-40-1\" class=\"sr7-layer\">Uute projektide k\u00e4ivitamine, ehitatud tehaste k\u00e4ivitused, osalused messidel ja meie tootmisv\u00f5imaluste uuendused on uudised, mida tahame teiega jagada. Olge kursis Hekotekis toimuvaga.<\/sr7-txt>\n\t\t\t\t\t\t\t<sr7-txt id=\"SR7_43_1-40-2\" class=\"sr7-layer\">UUDISED<\/sr7-txt>\n\t\t\t\t\t\t<\/sr7-slide>\n\t\t\t\t\t\t<sr7-slide id=\"SR7_43_1-109\" data-key=\"109\">\n\t\t\t\t\t\t<\/sr7-slide>\n\t\t\t\t\t<\/sr7-content>\n\t\t\t\t<\/sr7-module>\n\t\t\t\t<script>\n\t\t\t\t\twindow.SR7 ??={};SR7.PMH ??={}; SR7.PMH[\"SR7_43_1\"] = {cn:100,state:false,fn: function() { if (window._tpt!==undefined && window._tpt.prepareModuleHeight !== undefined) {  _tpt.prepareModuleHeight({id:\"SR7_43_1\",el:[400,400,400,400],type:'standard',shdw:'0',gh:[400,400,400,400],gw:[1200,1024,778,480],vpt:['-200px'],size:{fullWidth:true, fullHeight:false},mh:'0',onh:0,onw:0,bg:{color:'transparent'},plType:'0',plColor:'#ffffff'});   SR7.PMH[\"SR7_43_1\"].state=true;} else if(SR7.PMH[\"SR7_43_1\"].cn-->0)\tsetTimeout( SR7.PMH[\"SR7_43_1\"].fn,19);}};SR7.PMH[\"SR7_43_1\" ].fn();\n\t\t\t\t<\/script>\n<\/div><\/div><\/div><\/div><div class=\"fusion-fullwidth fullwidth-box fusion-builder-row-2 fusion-flex-container nonhundred-percent-fullwidth non-hundred-percent-height-scrolling gradient-container-2\" style=\"--awb-border-radius-top-left:0px;--awb-border-radius-top-right:0px;--awb-border-radius-bottom-right:0px;--awb-border-radius-bottom-left:0px;--awb-padding-top:60px;--awb-padding-bottom:30px;--awb-flex-wrap:wrap;\" ><div class=\"fusion-builder-row fusion-row fusion-flex-align-items-flex-start fusion-flex-content-wrap\" style=\"max-width:1248px;margin-left: calc(-4% \/ 2 );margin-right: calc(-4% \/ 2 );\"><div class=\"fusion-layout-column fusion_builder_column fusion-builder-column-1 fusion_builder_column_1_4 1_4 fusion-flex-column fusion-no-small-visibility\" style=\"--awb-bg-size:cover;--awb-width-large:25%;--awb-margin-top-large:0px;--awb-spacing-right-large:7.68%;--awb-margin-bottom-large:20px;--awb-spacing-left-large:7.68%;--awb-width-medium:100%;--awb-order-medium:0;--awb-spacing-right-medium:1.92%;--awb-spacing-left-medium:1.92%;--awb-width-small:100%;--awb-order-small:0;--awb-spacing-right-small:1.92%;--awb-spacing-left-small:1.92%;\" data-scroll-devices=\"small-visibility,medium-visibility,large-visibility\"><div class=\"fusion-column-wrapper fusion-column-has-shadow fusion-flex-justify-content-flex-start fusion-content-layout-column\"><div class=\"fusion-widget-area awb-widget-area-element fusion-widget-area-1 fusion-content-widget-area\" style=\"--awb-title-color:#005a36;--awb-padding:0px 0px 0px 0px;\"><section id=\"sub_categories_widget-2\" class=\"widget widget_sub_categories\" style=\"border-style: solid;border-color:transparent;border-width:0px;\"><div class=\"heading\"><h4 class=\"widget-title\">Arhiiv<\/h4><\/div><ul>\t<li class=\"cat-item cat-item-857\"><a href=\"https:\/\/hekotek.ee\/et\/category\/uudised\/2025\/\">2025<\/a>\n<\/li>\n\t<li class=\"cat-item cat-item-816\"><a href=\"https:\/\/hekotek.ee\/et\/category\/uudised\/2024\/\">2024<\/a>\n<\/li>\n\t<li class=\"cat-item cat-item-813\"><a href=\"https:\/\/hekotek.ee\/et\/category\/uudised\/2023\/\">2023<\/a>\n<\/li>\n\t<li class=\"cat-item cat-item-810\"><a href=\"https:\/\/hekotek.ee\/et\/category\/uudised\/2022\/\">2022<\/a>\n<\/li>\n\t<li class=\"cat-item cat-item-783\"><a href=\"https:\/\/hekotek.ee\/et\/category\/uudised\/2021\/\">2021<\/a>\n<\/li>\n\t<li class=\"cat-item cat-item-590\"><a href=\"https:\/\/hekotek.ee\/et\/category\/uudised\/2020\/\">2020<\/a>\n<\/li>\n\t<li class=\"cat-item cat-item-591\"><a href=\"https:\/\/hekotek.ee\/et\/category\/uudised\/2019\/\">2019<\/a>\n<\/li>\n\t<li class=\"cat-item cat-item-592\"><a href=\"https:\/\/hekotek.ee\/et\/category\/uudised\/2018\/\">2018<\/a>\n<\/li>\n\t<li class=\"cat-item cat-item-593\"><a href=\"https:\/\/hekotek.ee\/et\/category\/uudised\/2017\/\">2017<\/a>\n<\/li>\n\t<li class=\"cat-item cat-item-594\"><a href=\"https:\/\/hekotek.ee\/et\/category\/uudised\/2016\/\">2016<\/a>\n<\/li>\n\t<li class=\"cat-item cat-item-595\"><a href=\"https:\/\/hekotek.ee\/et\/category\/uudised\/2015\/\">2015<\/a>\n<\/li>\n\t<li class=\"cat-item cat-item-596\"><a href=\"https:\/\/hekotek.ee\/et\/category\/uudised\/2014\/\">2014<\/a>\n<\/li>\n\t<li class=\"cat-item cat-item-597\"><a href=\"https:\/\/hekotek.ee\/et\/category\/uudised\/2013\/\">2013<\/a>\n<\/li>\n\t<li class=\"cat-item cat-item-598\"><a href=\"https:\/\/hekotek.ee\/et\/category\/uudised\/2012\/\">2012<\/a>\n<\/li>\n\t<li class=\"cat-item cat-item-599\"><a href=\"https:\/\/hekotek.ee\/et\/category\/uudised\/2011\/\">2011<\/a>\n<\/li>\n\t<li class=\"cat-item cat-item-600\"><a href=\"https:\/\/hekotek.ee\/et\/category\/uudised\/2010\/\">2010<\/a>\n<\/li>\n\t<li class=\"cat-item cat-item-601\"><a href=\"https:\/\/hekotek.ee\/et\/category\/uudised\/2009\/\">2009<\/a>\n<\/li>\n\t<li class=\"cat-item cat-item-602\"><a href=\"https:\/\/hekotek.ee\/et\/category\/uudised\/2008\/\">2008<\/a>\n<\/li>\n\t<li class=\"cat-item cat-item-603\"><a href=\"https:\/\/hekotek.ee\/et\/category\/uudised\/2007\/\">2007<\/a>\n<\/li>\n\t<li class=\"cat-item cat-item-604\"><a href=\"https:\/\/hekotek.ee\/et\/category\/uudised\/2006\/\">2006<\/a>\n<\/li>\n<\/ul><\/section><div class=\"fusion-additional-widget-content\"><\/div><\/div><\/div><\/div><div class=\"fusion-layout-column fusion_builder_column fusion-builder-column-2 fusion_builder_column_3_4 3_4 fusion-flex-column\" style=\"--awb-bg-size:cover;--awb-width-large:75%;--awb-margin-top-large:0px;--awb-spacing-right-large:2.56%;--awb-margin-bottom-large:20px;--awb-spacing-left-large:2.56%;--awb-width-medium:100%;--awb-order-medium:0;--awb-spacing-right-medium:1.92%;--awb-spacing-left-medium:1.92%;--awb-width-small:100%;--awb-order-small:0;--awb-spacing-right-small:1.92%;--awb-spacing-left-small:1.92%;\"><div class=\"fusion-column-wrapper fusion-column-has-shadow fusion-flex-justify-content-flex-start fusion-content-layout-column\"><div class=\"fusion-blog-shortcode fusion-blog-shortcode-1 fusion-blog-archive fusion-blog-layout-grid-wrapper fusion-blog-pagination\" id=\"news-showcase\"><style type=\"text\/css\">.fusion-blog-shortcode-1 .fusion-blog-layout-grid .fusion-post-grid{padding:10px;}.fusion-blog-shortcode-1 .fusion-posts-container{margin-left: -10px !important; margin-right:-10px !important;}<\/style><div class=\"fusion-posts-container fusion-posts-container-pagination fusion-blog-rollover fusion-blog-layout-grid fusion-blog-layout-grid-3 isotope fusion-blog-equal-heights\" data-pages=\"14\" data-grid-col-space=\"20\" style=\"margin: -10px -10px 0;min-height:500px;\"><article id=\"blog-1-post-32197\" class=\"fusion-post-grid post-32197 post type-post status-publish format-standard hentry category-857 category-uudised\">\n<div class=\"fusion-post-wrapper\" style=\"background-color:rgba(255,255,255,0);border:1px solid #ebeaea;border-bottom-width:3px;\">\n\n<div class=\"fusion-post-content-wrapper\" style=\"padding:30px 25px 40px 25px;\"><div class=\"fusion-post-content post-content\"><h2 class=\"blog-shortcode-post-title entry-title\"><a href=\"https:\/\/hekotek.ee\/et\/hekoteki-uus-tootmisjuht\/\">Hekoteki uus tootmisjuht<\/a><\/h2><p class=\"fusion-single-line-meta\"><span class=\"vcard\" style=\"display: none;\"><span class=\"fn\"><a href=\"https:\/\/hekotek.ee\/et\/author\/jana\/\" title=\"Jana tehtud postitused\" rel=\"author\">Jana<\/a><\/span><\/span><span class=\"updated\" style=\"display:none;\">2025-12-17T22:22:36+02:00<\/span><span>17.12.2025<\/span><span class=\"fusion-inline-sep\">|<\/span><\/p><div class=\"fusion-content-sep sep-none\"><\/div><div class=\"fusion-post-content-container\"><p>Rohkem kui 30 aastat Hekoteki tootmisjuht olnud Vahur Eggert l\u00e4heb pensionile. See on t\u00f5sine s\u00fcndmus ettev\u00f5tte jaoks, kuid juhtkond vaatab seda optimistlikult...<\/p> <a href=\"https:\/\/hekotek.ee\/et\/hekoteki-uus-tootmisjuht\/\"> <i class=\"fas fa-arrow-right\"><\/i><\/a><\/div><\/div><\/div><div class=\"fusion-clearfix\"><\/div><\/div>\n<\/article>\n<article id=\"blog-1-post-32161\" class=\"fusion-post-grid post-32161 post type-post status-publish format-standard hentry category-857 category-uudised\">\n<div class=\"fusion-post-wrapper\" style=\"background-color:rgba(255,255,255,0);border:1px solid #ebeaea;border-bottom-width:3px;\">\n\n<div class=\"fusion-post-content-wrapper\" style=\"padding:30px 25px 40px 25px;\"><div class=\"fusion-post-content post-content\"><h2 class=\"blog-shortcode-post-title entry-title\"><a href=\"https:\/\/hekotek.ee\/et\/puidugraanulitehase-testimine-rootsis\/\">Puidugraanulitehase testimine Rootsis<\/a><\/h2><p class=\"fusion-single-line-meta\"><span class=\"vcard\" style=\"display: none;\"><span class=\"fn\"><a href=\"https:\/\/hekotek.ee\/et\/author\/jana\/\" title=\"Jana tehtud postitused\" rel=\"author\">Jana<\/a><\/span><\/span><span class=\"updated\" style=\"display:none;\">2025-12-16T12:58:25+02:00<\/span><span>14.12.2025<\/span><span class=\"fusion-inline-sep\">|<\/span><\/p><div class=\"fusion-content-sep sep-none\"><\/div><div class=\"fusion-post-content-container\"><p>2024. aasta suvel s\u00f5lmis Hekotek lepingu pelletite tootmiss\u00fcsteemi tarnimiseks Rootsi tselluloosi- ja paberiettev\u00f5ttele Arctic Paper Grycksbo AB. Projekt on l\u00f5pule j\u00f5udmas, esimene...<\/p> <a href=\"https:\/\/hekotek.ee\/et\/puidugraanulitehase-testimine-rootsis\/\"> <i class=\"fas fa-arrow-right\"><\/i><\/a><\/div><\/div><\/div><div class=\"fusion-clearfix\"><\/div><\/div>\n<\/article>\n<article id=\"blog-1-post-31956\" class=\"fusion-post-grid post-31956 post type-post status-publish format-standard hentry category-857 category-uudised\">\n<div class=\"fusion-post-wrapper\" style=\"background-color:rgba(255,255,255,0);border:1px solid #ebeaea;border-bottom-width:3px;\">\n\n<div class=\"fusion-post-content-wrapper\" style=\"padding:30px 25px 40px 25px;\"><div class=\"fusion-post-content post-content\"><h2 class=\"blog-shortcode-post-title entry-title\"><a href=\"https:\/\/hekotek.ee\/et\/hekotekis-muutuvad-votmeisikute-tooulesanded\/\">Hekotekis muutuvad v\u00f5tmeisikute t\u00f6\u00f6\u00fclesanded<\/a><\/h2><p class=\"fusion-single-line-meta\"><span class=\"vcard\" style=\"display: none;\"><span class=\"fn\"><a href=\"https:\/\/hekotek.ee\/et\/author\/jana\/\" title=\"Jana tehtud postitused\" rel=\"author\">Jana<\/a><\/span><\/span><span class=\"updated\" style=\"display:none;\">2025-11-13T23:27:42+02:00<\/span><span>12.11.2025<\/span><span class=\"fusion-inline-sep\">|<\/span><\/p><div class=\"fusion-content-sep sep-none\"><\/div><div class=\"fusion-post-content-container\"><p>Projekteerimisosakonna endine juht Priit Saarem\u00e4gi siirdub Arendusjuhiks. Projekteerimisosakonna juhiks saab Kauri Kaadu...<\/p> <a href=\"https:\/\/hekotek.ee\/et\/hekotekis-muutuvad-votmeisikute-tooulesanded\/\"> <i class=\"fas fa-arrow-right\"><\/i><\/a><\/div><\/div><\/div><div class=\"fusion-clearfix\"><\/div><\/div>\n<\/article>\n<article id=\"blog-1-post-31797\" class=\"fusion-post-grid post-31797 post type-post status-publish format-standard hentry category-857 category-uudised\">\n<div class=\"fusion-post-wrapper\" style=\"background-color:rgba(255,255,255,0);border:1px solid #ebeaea;border-bottom-width:3px;\">\n\n<div class=\"fusion-post-content-wrapper\" style=\"padding:30px 25px 40px 25px;\"><div class=\"fusion-post-content post-content\"><h2 class=\"blog-shortcode-post-title entry-title\"><a href=\"https:\/\/hekotek.ee\/et\/seadmete-tarneleping-jaapanisse\/\">Seadmete tarneleping Jaapanisse<\/a><\/h2><p class=\"fusion-single-line-meta\"><span class=\"vcard\" style=\"display: none;\"><span class=\"fn\"><a href=\"https:\/\/hekotek.ee\/et\/author\/jana\/\" title=\"Jana tehtud postitused\" rel=\"author\">Jana<\/a><\/span><\/span><span class=\"updated\" style=\"display:none;\">2025-10-26T19:10:48+02:00<\/span><span>26.10.2025<\/span><span class=\"fusion-inline-sep\">|<\/span><\/p><div class=\"fusion-content-sep sep-none\"><\/div><div class=\"fusion-post-content-container\"><p>Hekotek AS on s\u00f5lminud lepingu seadmete tarnimiseks Jaapani ettev\u00f5ttele Kushiro Wood Products Ltd...<\/p> <a href=\"https:\/\/hekotek.ee\/et\/seadmete-tarneleping-jaapanisse\/\"> <i class=\"fas fa-arrow-right\"><\/i><\/a><\/div><\/div><\/div><div class=\"fusion-clearfix\"><\/div><\/div>\n<\/article>\n<article id=\"blog-1-post-31793\" class=\"fusion-post-grid post-31793 post type-post status-publish format-standard hentry category-857 category-uudised\">\n<div class=\"fusion-post-wrapper\" style=\"background-color:rgba(255,255,255,0);border:1px solid #ebeaea;border-bottom-width:3px;\">\n\n<div class=\"fusion-post-content-wrapper\" style=\"padding:30px 25px 40px 25px;\"><div class=\"fusion-post-content post-content\"><h2 class=\"blog-shortcode-post-title entry-title\"><a href=\"https:\/\/hekotek.ee\/et\/mokkiten-oluline-sundmus-jaapani-turul\/\">Mokkiten \u2013 oluline s\u00fcndmus Jaapani turul<\/a><\/h2><p class=\"fusion-single-line-meta\"><span class=\"vcard\" style=\"display: none;\"><span class=\"fn\"><a href=\"https:\/\/hekotek.ee\/et\/author\/jana\/\" title=\"Jana tehtud postitused\" rel=\"author\">Jana<\/a><\/span><\/span><span class=\"updated\" style=\"display:none;\">2025-10-26T19:10:19+02:00<\/span><span>20.08.2025<\/span><span class=\"fusion-inline-sep\">|<\/span><\/p><div class=\"fusion-content-sep sep-none\"><\/div><div class=\"fusion-post-content-container\"><p>Hekotek osaleb esmakordselt Jaapanis toimuval n\u00e4itusel Mokkiten Nagoya sadama n\u00e4itusekeskuses 2.\u20135. oktoobril 2025...<\/p> <a href=\"https:\/\/hekotek.ee\/et\/mokkiten-oluline-sundmus-jaapani-turul\/\"> <i class=\"fas fa-arrow-right\"><\/i><\/a><\/div><\/div><\/div><div class=\"fusion-clearfix\"><\/div><\/div>\n<\/article>\n<article id=\"blog-1-post-31795\" class=\"fusion-post-grid post-31795 post type-post status-publish format-standard hentry category-857 category-uudised\">\n<div class=\"fusion-post-wrapper\" style=\"background-color:rgba(255,255,255,0);border:1px solid #ebeaea;border-bottom-width:3px;\">\n\n<div class=\"fusion-post-content-wrapper\" style=\"padding:30px 25px 40px 25px;\"><div class=\"fusion-post-content post-content\"><h2 class=\"blog-shortcode-post-title entry-title\"><a href=\"https:\/\/hekotek.ee\/et\/hekotek-jyvaskylas-soomes\/\">Hekotek Jyv\u00e4skyl\u00e4s, Soomes<\/a><\/h2><p class=\"fusion-single-line-meta\"><span class=\"vcard\" style=\"display: none;\"><span class=\"fn\"><a href=\"https:\/\/hekotek.ee\/et\/author\/jana\/\" title=\"Jana tehtud postitused\" rel=\"author\">Jana<\/a><\/span><\/span><span class=\"updated\" style=\"display:none;\">2025-10-26T19:09:56+02:00<\/span><span>08.08.2025<\/span><span class=\"fusion-inline-sep\">|<\/span><\/p><div class=\"fusion-content-sep sep-none\"><\/div><div class=\"fusion-post-content-container\"><p>Juba peagi, 3.-5. septembril, toimub Soomes Jyv\u00e4skyl\u00e4s spetsialiseeritud puidun\u00e4itus, \u00fcritusel osaleb \u00fcle 150 osaleja, nende hulgas ka Hekotek...<\/p> <a href=\"https:\/\/hekotek.ee\/et\/hekotek-jyvaskylas-soomes\/\"> <i class=\"fas fa-arrow-right\"><\/i><\/a><\/div><\/div><\/div><div class=\"fusion-clearfix\"><\/div><\/div>\n<\/article>\n<article id=\"blog-1-post-30872\" class=\"fusion-post-grid post-30872 post type-post status-publish format-standard hentry category-857 category-uudised\">\n<div class=\"fusion-post-wrapper\" style=\"background-color:rgba(255,255,255,0);border:1px solid #ebeaea;border-bottom-width:3px;\">\n\n<div class=\"fusion-post-content-wrapper\" style=\"padding:30px 25px 40px 25px;\"><div class=\"fusion-post-content post-content\"><h2 class=\"blog-shortcode-post-title entry-title\"><a href=\"https:\/\/hekotek.ee\/et\/wood-safari-louna-ameerika-hekoteki\/\">Wood Safari: L\u00f5una-Ameerika &#8211; Hekoteki<\/a><\/h2><p class=\"fusion-single-line-meta\"><span class=\"vcard\" style=\"display: none;\"><span class=\"fn\"><a href=\"https:\/\/hekotek.ee\/et\/author\/jana\/\" title=\"Jana tehtud postitused\" rel=\"author\">Jana<\/a><\/span><\/span><span class=\"updated\" style=\"display:none;\">2025-07-18T11:59:42+03:00<\/span><span>24.05.2025<\/span><span class=\"fusion-inline-sep\">|<\/span><\/p><div class=\"fusion-content-sep sep-none\"><\/div><div class=\"fusion-post-content-container\"><p>Kohe p\u00e4rast Ligna messi ootame endile k\u00fclla gruppi L\u00f5una-Ameerikast p\u00e4rit nn. Wood Safaril osalejaid...<\/p> <a href=\"https:\/\/hekotek.ee\/et\/wood-safari-louna-ameerika-hekoteki\/\"> <i class=\"fas fa-arrow-right\"><\/i><\/a><\/div><\/div><\/div><div class=\"fusion-clearfix\"><\/div><\/div>\n<\/article>\n<article id=\"blog-1-post-30758\" class=\"fusion-post-grid post-30758 post type-post status-publish format-standard hentry category-857 category-uudised\">\n<div class=\"fusion-post-wrapper\" style=\"background-color:rgba(255,255,255,0);border:1px solid #ebeaea;border-bottom-width:3px;\">\n\n<div class=\"fusion-post-content-wrapper\" style=\"padding:30px 25px 40px 25px;\"><div class=\"fusion-post-content post-content\"><h2 class=\"blog-shortcode-post-title entry-title\"><a href=\"https:\/\/hekotek.ee\/et\/hekotek-osaleb-digitaliseerimise-teekaardi-toetuse-projektis\/\">Hekotek osaleb digitaliseerimise teekaardi toetuse projektis<\/a><\/h2><p class=\"fusion-single-line-meta\"><span class=\"vcard\" style=\"display: none;\"><span class=\"fn\"><a href=\"https:\/\/hekotek.ee\/et\/author\/lauri\/\" title=\"Lauri Kapp tehtud postitused\" rel=\"author\">Lauri Kapp<\/a><\/span><\/span><span class=\"updated\" style=\"display:none;\">2025-07-27T21:40:23+03:00<\/span><span>24.04.2025<\/span><span class=\"fusion-inline-sep\">|<\/span><\/p><div class=\"fusion-content-sep sep-none\"><\/div><div class=\"fusion-post-content-container\"><p>Hekotek AS osaleb Euroopa Liidu kaasrahastatud digitaliseerimise teekaardi projektis, mille eesm\u00e4rk on arendada ettev\u00f5tte IT s\u00fcsteeme...<\/p> <a href=\"https:\/\/hekotek.ee\/et\/hekotek-osaleb-digitaliseerimise-teekaardi-toetuse-projektis\/\"> <i class=\"fas fa-arrow-right\"><\/i><\/a><\/div><\/div><\/div><div class=\"fusion-clearfix\"><\/div><\/div>\n<\/article>\n<article id=\"blog-1-post-30207\" class=\"fusion-post-grid post-30207 post type-post status-publish format-standard hentry category-857 category-uudised\">\n<div class=\"fusion-post-wrapper\" style=\"background-color:rgba(255,255,255,0);border:1px solid #ebeaea;border-bottom-width:3px;\">\n\n<div class=\"fusion-post-content-wrapper\" style=\"padding:30px 25px 40px 25px;\"><div class=\"fusion-post-content post-content\"><h2 class=\"blog-shortcode-post-title entry-title\"><a href=\"https:\/\/hekotek.ee\/et\/hekotek-ligna-juubelimessil\/\">Hekotek Ligna juubelimessil<\/a><\/h2><p class=\"fusion-single-line-meta\"><span class=\"vcard\" style=\"display: none;\"><span class=\"fn\"><a href=\"https:\/\/hekotek.ee\/et\/author\/jana\/\" title=\"Jana tehtud postitused\" rel=\"author\">Jana<\/a><\/span><\/span><span class=\"updated\" style=\"display:none;\">2025-12-04T15:53:02+02:00<\/span><span>09.04.2025<\/span><span class=\"fusion-inline-sep\">|<\/span><\/p><div class=\"fusion-content-sep sep-none\"><\/div><div class=\"fusion-post-content-container\"><p>Hekotek osaleb maailma suurimal puidut\u00f6\u00f6stusseadmete valmistajate messil Ligna 2025, mis toimub  26. kuni 30. mai Hannoveris...<\/p> <a href=\"https:\/\/hekotek.ee\/et\/hekotek-ligna-juubelimessil\/\"> <i class=\"fas fa-arrow-right\"><\/i><\/a><\/div><\/div><\/div><div class=\"fusion-clearfix\"><\/div><\/div>\n<\/article>\n<div class=\"fusion-clearfix\"><\/div><\/div><div class=\"pagination clearfix\"><span class=\"current\">1<\/span><a href=\"https:\/\/hekotek.ee\/et\/wp-json\/wp\/v2\/pages\/21615\/page\/2\/\" class=\"inactive\">2<\/a><a class=\"pagination-next\" rel=\"next\" href=\"https:\/\/hekotek.ee\/et\/wp-json\/wp\/v2\/pages\/21615\/page\/2\/\"><span class=\"page-text\">Next<\/span><span class=\"page-next\"><\/span><\/a><\/div><div class=\"fusion-clearfix\"><\/div><\/div><\/div><\/div><\/div><\/div><\/p>\n","protected":false},"excerpt":{"rendered":"","protected":false},"author":5,"featured_media":0,"parent":0,"menu_order":0,"comment_status":"closed","ping_status":"closed","template":"100-width.php","meta":{"footnotes":""},"class_list":["post-21615","page","type-page","status-publish","hentry"],"_links":{"self":[{"href":"https:\/\/hekotek.ee\/et\/wp-json\/wp\/v2\/pages\/21615","targetHints":{"allow":["GET"]}}],"collection":[{"href":"https:\/\/hekotek.ee\/et\/wp-json\/wp\/v2\/pages"}],"about":[{"href":"https:\/\/hekotek.ee\/et\/wp-json\/wp\/v2\/types\/page"}],"author":[{"embeddable":true,"href":"https:\/\/hekotek.ee\/et\/wp-json\/wp\/v2\/users\/5"}],"replies":[{"embeddable":true,"href":"https:\/\/hekotek.ee\/et\/wp-json\/wp\/v2\/comments?post=21615"}],"version-history":[{"count":32,"href":"https:\/\/hekotek.ee\/et\/wp-json\/wp\/v2\/pages\/21615\/revisions"}],"predecessor-version":[{"id":32057,"href":"https:\/\/hekotek.ee\/et\/wp-json\/wp\/v2\/pages\/21615\/revisions\/32057"}],"wp:attachment":[{"href":"https:\/\/hekotek.ee\/et\/wp-json\/wp\/v2\/media?parent=21615"}],"curies":[{"name":"wp","href":"https:\/\/api.w.org\/{rel}","templated":true}]}}