{"id":4097,"date":"2018-08-28T12:34:15","date_gmt":"2018-08-28T09:34:15","guid":{"rendered":"http:\/\/vebimarket.veebispetsid.com\/?page_id=4097"},"modified":"2024-11-28T19:06:08","modified_gmt":"2024-11-28T17:06:08","slug":"privaatsustingimused","status":"publish","type":"page","link":"https:\/\/hekotek.ee\/et\/privaatsustingimused\/","title":{"rendered":"Privaatsustingimused"},"content":{"rendered":"<p><div class=\"fusion-fullwidth fullwidth-box fusion-builder-row-1 fusion-flex-container fusion-parallax-none nonhundred-percent-fullwidth non-hundred-percent-height-scrolling gradient-container-1\" style=\"--awb-border-radius-top-left:0px;--awb-border-radius-top-right:0px;--awb-border-radius-bottom-right:0px;--awb-border-radius-bottom-left:0px;--awb-padding-top:82px;--awb-padding-bottom:316px;--awb-margin-top:-30px;--awb-margin-bottom:0px;--awb-background-color:#f6f6f6;--awb-background-image:url(&quot;https:\/\/hekotek.ee\/wp-content\/uploads\/2020\/09\/data-protection_3201h889-scaled-1.jpg&quot;);--awb-background-size:cover;--awb-flex-wrap:wrap;\" ><div class=\"fusion-builder-row fusion-row fusion-flex-align-items-flex-start fusion-flex-content-wrap\" style=\"max-width:1248px;margin-left: calc(-4% \/ 2 );margin-right: calc(-4% \/ 2 );\"><\/div><\/div><div class=\"fusion-fullwidth fullwidth-box fusion-builder-row-2 nonhundred-percent-fullwidth non-hundred-percent-height-scrolling gradient-container-2\" style=\"--awb-border-radius-top-left:0px;--awb-border-radius-top-right:0px;--awb-border-radius-bottom-right:0px;--awb-border-radius-bottom-left:0px;--awb-padding-top:60px;--awb-padding-bottom:60px;--awb-flex-wrap:wrap;\" ><div class=\"fusion-builder-row fusion-row\"><div class=\"fusion-layout-column fusion_builder_column fusion-builder-column-0 fusion_builder_column_2_3 2_3 fusion-two-third fusion-column-first\" style=\"--awb-bg-blend:overlay;--awb-bg-size:cover;width:66.666666666667%;width:calc(66.666666666667% - ( ( 4% ) * 0.66666666666667 ) );margin-right: 4%;\"><div class=\"fusion-column-wrapper fusion-flex-column-wrapper-legacy\"><div class=\"fusion-text fusion-text-1\"><h4>1. Teie isikuandmete t\u00f6\u00f6tlemine <\/h4>\n<p>AS Hekotek, \u00e4riregistrikood: 10112941, P\u00f5rguv\u00e4lja tee 9, J\u00fcri, Rae vald, 75306 Harjumaa Eesti (\u201eettev\u00f5te\u201c v\u00f5i \u201emeie\u201c) v\u00f5tab k\u00f5ik vajalikud meetmed tagamaks, et meie klientide ja teiste partnerite isikuandmeid t\u00f6\u00f6deldakse seaduslikult, \u00f5iglaselt ja l\u00e4bipaistvalt.<\/p>\n<p>Kui kasutate meie erinevaid teenuseid, kogume teie isikuandmeid. Seet\u00f5ttu on ettev\u00f5te teie isikuandmete vastutav t\u00f6\u00f6tleja ja t\u00f6\u00f6tleb seda vastavalt k\u00e4esolevale privaatsuspoliitikale. See privaatsuspoliitika selgitab ja t\u00e4psustab teie \u00f5igusi ettev\u00f5tte suhtes seoses teie isikuandmete t\u00f6\u00f6tlemisega ja kuidas saate neid \u00f5igusi kasutada.<\/p>\n<p>Ettev\u00f5te on p\u00fchendunud teie isikuandmete kaitsmisele ja ettev\u00f5tte jaoks on oluline tagada, et teie isikuandmeid t\u00f6\u00f6deldakse turvalisel viisil. J\u00e4rgime k\u00f5iki kehtivaid seadusi ja eeskirju, mis kehtivad \u00fcksikisikute privaatsuse kaitseks, sealhulgas Eesti isikuandmete seadust (RT I 2007, 24, 127), Eesti elektroonilise side seadust (RT I 2004, 87, 593) ja muid selliseid. seadused v\u00f5i m\u00e4\u00e4rused, millega rakendatakse EL andmekaitsedirektiivi 95\/46 \/ E\u00dc, elektroonilise side direktiivi 2002\/58 \/ E\u00dc ja ELi andmekaitse \u00fcldm\u00e4\u00e4rust 2016\/679 (GDPR), ning k\u00f5ik muudatused, muudatused v\u00f5i m\u00e4\u00e4rused, mis neid asendavad seadused ja m\u00e4\u00e4rused. Kasutame isikuandmete hulga ja tundlikkuse osas sobivaid tehnilisi ja korralduslikke abin\u00f5usid.<\/p>\n<p>Enne ettev\u00f5tte teenuste kasutamist on oluline lugeda seda privaatsuspoliitikat ja sellest aru saada. Kui te seda privaatsuspoliitikat heaks ei kiida, ei tohiks te \u00fchtegi meie teenust kasutada.<\/p>\n<p>M\u00f5nel meie veebisaidi lehel on linke kolmandate osapoolte veebisaitidele. Nendel veebisaitidel on oma privaatsuseeskirjad ja ettev\u00f5te ei vastuta nende tegevuse ega teabepoliitika eest. Iga kasutaja, kes saadab teavet nendele kolmandate osapoolte veebisaitidele v\u00f5i nende kaudu, peaks enne nende isikuandmete edastamist nendele veebisaitidele postitatud privaatsuseeskirjad \u00fcle vaatama.<\/p>\n<p>Lisateavet k\u00fcpsiste kaudu saadud teabe kogumise, k\u00e4itlemise ja s\u00e4ilitamise kohta leiate allolevast jaotisest \u201cK\u00fcpsised\u201d.<\/p>\n<h4>2. Milliseid isikuandmeid me kogume ja kust?<\/h4>\n<p>Kui kasutate meie teenuseid v\u00f5i kasutate neid muul viisil, v\u00f5ite anda meile teavet, mida vastavalt kehtivatele andmekaitseseadustele peetakse isikuandmeteks.<\/p>\n<p>Kogutavate isikuandmete t\u00fc\u00fcbid v\u00f5ivad olenevalt kontekstist sisaldada j\u00e4rgmist:<\/p>\n<ul>\n<li>nimi ja kontaktteave, sealhulgas aadress, mobiilinumber ja e-posti aadress;<\/li>\n<li>isikukood;<\/li>\n<li>tarne- ja arveldusteave, makseteave ja muu teave, mille te edastate seoses toote v\u00f5i teenuse ostmise v\u00f5i tarnimisega;<\/li>\n<li>erinevat t\u00fc\u00fcpi demograafiline teave;<\/li>\n<li>teave eelistuste ja huvide kohta, mis p\u00f5hinevad ettev\u00f5tte veebisaitide kasutamisel;<\/li>\n<li>ja \/ v\u00f5i muu teave, mis on oluline klientide k\u00fcsitluste, reklaami \/ turunduse v\u00f5i pakkumiste jaoks;<\/li>\n<\/ul>\n<p>V\u00f5ime koguda teie isikuandmeid j\u00e4rgmistest allikatest:<\/p>\n<ul>\n<li>\u00fcksk\u00f5ik millise Hekotek ASi veebisaitidel, nt. kui tellite m\u00f5nda meie infolehte v\u00f5i osalete m\u00f5nel meie konkursil;<\/li>\n<li>kolmandatelt isikutelt kontserni kuuluvate ettev\u00f5tete n\u00e4ol v\u00f5i ettev\u00f5tete poolt, millega ettev\u00f5te tegeleb oma klientide andmebaasi rikastamiseks.<\/li>\n<li>kui AS Hekotek saab teilt e-kirja.<\/li>\n<\/ul>\n<h4>3. Miks t\u00f6\u00f6tleme teie isikuandmeid?<\/h4>\n<p>Kui olete meilt toote tellinud v\u00f5i teenuse tellinud, olete s\u00f5lminud ettev\u00f5ttega lepingu. Selle tulemusel t\u00f6\u00f6tleme teie isikuandmeid teie ostu, tellimuse v\u00f5i tellimuse haldamiseks ja teie tellitud teenuse v\u00f5i toote edastamiseks.<\/p>\n<p>Lisaks teie isikuandmete t\u00f6\u00f6tlemisele toodete v\u00f5i teenuste ostmise l\u00f5puleviimiseks v\u00f5ib ettev\u00f5te kasutada teie isikuandmeid ka muudel eesm\u00e4rkidel, l\u00e4htudes muudest \u00f5iguslikest alustest, nagu on s\u00e4testatud allpool.<\/p>\n<p>Lepingu t\u00e4itmiseks:<\/p>\n<p>Ostude, toodete tarnimise, maksete tegemise, maksete tegemise, samuti teile juurdep\u00e4\u00e4su ettev\u00f5tte veebisaitidele ja seal pakutavatele teenustele (sealhulgas klienditoele) haldamiseks ja haldamiseks.<\/p>\n<ul>\n<li>n\u00f5usolek: otseturundus (tavaposti ja e-posti teel), klientide uuringud, klienditugi ja infolehed<\/li>\n<li>juriidilise kohustuse t\u00e4itmine: salvestame arve dokumendid vastavalt kehtivatele raamatupidamise seadustele ja m\u00e4\u00e4rustele<\/li>\n<li>\u00f5igustatud huvi: selleks, et saaksime oma kohustusi, tooteid ja teenuseid pakkuda, t\u00e4ita ja t\u00e4iustada, on meil vaja t\u00f6\u00f6delda isikuandmeid ka m\u00f5nel muul juhul, nt anal\u00fc\u00fcsides klientide ostmisharjumusi, et pakkuda neile asjakohast teavet ja turundust, aga ka statistilistel eesm\u00e4rkidel.<\/li>\n<li>profiilimine<\/li>\n<\/ul>\n<p>Juhul, kui meie pakutav teenus n\u00f5uab teie n\u00f5usolekut, palume teil alati selges\u00f5naliselt anda n\u00f5usolek selliseks teenuseks ja teie isikuandmete t\u00f6\u00f6tlemiseks. N\u00e4iteks k\u00fcsime teie n\u00f5usolekut, kui soovite tellida m\u00f5nda ettev\u00f5tte infolehte v\u00f5i soovite luua konto m\u00f5nel ettev\u00f5tte veebisaidil.<\/p>\n<p>Seoses n\u00f5usoleku andmisega peate kinnitama, et olete tutvunud k\u00e4esoleva privaatsuseeskirjadega ja n\u00f5ustute oma isikuandmete t\u00f6\u00f6tlemisega siin kirjeldatud viisil.<\/p>\n<h4>4. Isikuandmete s\u00e4ilitamine<\/h4>\n<p>Ettev\u00f5te v\u00f5tab k\u00f5ik m\u00f5istlikud sammud teie isikuandmete turvalise t\u00f6\u00f6tlemise ja s\u00e4ilitamise tagamiseks. Teie isikuandmeid ei s\u00e4ilitata kunagi kauem kui kohaldatavad seadused lubavad v\u00f5i kauem, kui on vaja \u00fclalnimetatud eesm\u00e4rkide t\u00e4itmiseks. Teie isikuandmeid t\u00f6\u00f6tleme j\u00e4rgmistel perioodidel.<\/p>\n<p>Klient: kui olete ettev\u00f5tte klient, salvestatakse teie isikuandmed kolm aastat p\u00e4rast viimast ostu. See ei kehti juhul, kui meil on vaja allpool nimetatud p\u00f5hjustel teie isikuandmeid pikemaks ajaks salvestada.<\/p>\n<p>Lepingu t\u00e4itmine: Ettev\u00f5ttele seoses toodete v\u00f5i teenuste tellimisega edastatud isikuandmeid (nimi, isikukood, aadress, telefoninumber, e-post, arvelduse ja k\u00e4ttetoimetamise teave) s\u00e4ilitatakse nii kaua kui vajalik selleks, et ettev\u00f5te t\u00e4idaks teiega s\u00f5lmitud lepingut. See h\u00f5lmab muu hulgas tarne- v\u00f5i garantiikohustuste t\u00e4itmist.<\/p>\n<p>Juriidiline kohustus: Ettev\u00f5te salvestab k\u00f5ik dokumendid, mis moodustavad raamatupidamisandmeid vastavalt kehtivatele raamatupidamise \u00f5igusaktidele.<\/p>\n<p>N\u00f5usolek: kui t\u00f6\u00f6tleme teie isikuandmeid teie n\u00f5usoleku alusel, salvestame teie isikuandmeid ainult seni, kuni meil on teie n\u00f5usolek alles.<\/p>\n<p>Otseturundus: v\u00f5ime t\u00f6\u00f6delda teie isikuandmeid otseturunduse eesm\u00e4rkidel kuni kolm aastat p\u00e4rast kliendisuhte l\u00f5ppemist, kui te ei vaidlusta oma isikuandmete kasutamist otseturunduse eesm\u00e4rkidel.<\/p>\n<h4>5. Isikuandmete edastamine<\/h4>\n<p>Meie klientide isikuandmed on ettev\u00f5tte tegevuse oluline osa. Me edastame isikuandmeid ainult allpool kirjeldatud viisil. Me j\u00e4lgime teie isikuandmete edastamisel alati suurt ettevaatust ja teie isikuandmeid edastatakse ainult vastavalt sellele privaatsuspoliitikale ja p\u00e4rast asjakohaste turvameetmete v\u00f5tmist.<\/p>\n<ul>\n<li>Partnerid v\u00e4ljaspool kontserni, kuhu ettev\u00f5te kuulub: Meie partnerid, st ettev\u00f5tted, mis asuvad v\u00e4ljaspool kontserni, kuhu ettev\u00f5te kuulub ja mille ettev\u00f5te on heaks kiitnud, v\u00f5ivad saada juurdep\u00e4\u00e4su teie isikuandmetele eesm\u00e4rgiga anda teile juurdep\u00e4\u00e4s sihip\u00e4rane teave ja pakkumised toodete ja teenuste kohta<\/li>\n<li>koosk\u00f5lastamine era- ja avalike andmetega: ettev\u00f5te v\u00f5ib teie isikuandmeid t\u00e4iendava teabe abil rikastada, kogudes teavet muudelt era- ja avalikelt registritelt. Sel viisil saab teie isikuandmeid rikastada ja ajakohastada<\/li>\n<li>\u00e4ritehingud: kui kogu ettev\u00f5tte tegevus v\u00f5i osa sellest m\u00fc\u00fcakse v\u00f5i integreeritakse m\u00f5ne muu \u00e4ritegevuse, toimingu v\u00f5i ettev\u00f5ttega, v\u00f5idakse teie isikuandmed avaldada meie n\u00f5ustajatele, potentsiaalsetele ostjatele ja nende n\u00f5ustajatele ning edastada toimingu uutele omanikele<\/li>\n<li>juriidilised kohustused: Teie isikuandmeid v\u00f5idakse avaldada ka selleks, et ettev\u00f5te t\u00e4idaks teatavaid seaduslikke kohustusi, ja kui seadusega seda lubatakse ja n\u00f5utakse, v\u00f5ib neid edastada politseile ja teistele asjaomastele riigiasutustele.<\/li>\n<\/ul>\n<p>\u00dclalnimetatud t\u00fc\u00fcpi \u00fclekandeid v\u00f5ib teostada ainult ELis v\u00f5i EMP-s asuvatele ettev\u00f5tetele (st k\u00f5igile EL-i liikmesriikidele ning Islandile, Norrale ja Lichtensteinile).<\/p>\n<h4>6. N\u00f5usoleku tagasiv\u00f5tmine<\/h4>\n<p>Juhul, kui t\u00f6\u00f6tleme teie isikuandmeid teie n\u00f5usoleku alusel, nt. uudiskirjade tellimisega seoses v\u00f5ite oma n\u00f5usoleku igal ajal tagasi v\u00f5tta, p\u00f6\u00f6rdudes meie m\u00fc\u00fcgiosakonna juhataja poole. Sellise tagasiv\u00f5tmise v\u00f5ib teha t\u00e4ielikult v\u00f5i osaliselt. Kui te ei soovi meilt turundust ja eripakkumisi saada, v\u00f5ite oma n\u00f5usoleku tagasi v\u00f5tta, p\u00f6\u00f6rdudes meie m\u00fc\u00fcgiosakonna juhataja poole v\u00f5i kui e-kiri saadetakse, siis selles e-kirjas oleva lingi kaudu.<\/p>\n<p>Kui t\u00fchistate oma n\u00f5usoleku oma isikuandmete kasutamiseks v\u00f5i avalikustamiseks k\u00e4esolevas privaatsuspoliitikas s\u00e4testatud muudel eesm\u00e4rkidel, ei pruugi me enam j\u00e4tkata teile juurdep\u00e4\u00e4su andmist meie veebisaitidele ega klienditeeninduse v\u00f5i muude teenuste pakkumist meie kasutajatele ja selle privaatsuspoliitika kohaselt lubatud.<\/p>\n<h4>7. Teie \u00f5igused<\/h4>\n<p>Teil on \u00f5igus kirjalikult \u00fchendust v\u00f5ttes k\u00fcsida teavet selle kohta, milliseid teie isikuandmeid me t\u00f6\u00f6tleme ja kuidas neid kasutatakse. Teil on \u00f5igus n\u00f5uda teie kohta k\u00e4ivate eba\u00f5igete, mittet\u00e4ielike v\u00f5i mitmet\u00e4henduslike isikuandmete parandamist, p\u00f6\u00f6rdudes klienditeeninduse poole. Teie privaatsuse ja teie isikuandmete kaitseks v\u00f5ime n\u00f5uda, et tuvastaksite end seoses meie abistamisega.<\/p>\n<p>Vastavalt kehtivatele andmekaitseseadustele on teil ka \u00f5igus n\u00f5uda teie isikuandmete kustutamist v\u00f5i teie isikuandmete t\u00f6\u00f6tlemise piiramist. Teatavates olukordades on teil ka \u00f5igus vaidlustada oma isikuandmete t\u00f6\u00f6tlemine ja taotleda, et teie isikuandmeid edastataks elektroonilisel kujul.<\/p>\n<p>V\u00f5ite esitada kaebuse Eesti Andmekaitse Inspektsioonile (Andmekaitse inspektsioon), kui arvate, et ettev\u00f5te ei t\u00f6\u00f6tle teie isikuandmeid vastavalt kehtivatele seadustele.<\/p>\n<h4>8. K\u00fcpsised<\/h4>\n<p>Ettev\u00f5te kasutab meie veebisaitidel nn k\u00fcpsiseid. K\u00fcpsis on v\u00e4ike tekstifail, mis saadetakse veebisaidilt teie veebibrauserisse. K\u00fcpsis ei saa teid isiklikult tuvastada, vaid ainult teie arvutisse installitud veebibrauser ja veebibrauser, mida kasutate veebilehe k\u00fclastamisel. J\u00e4relikult salvestatakse erinevatesse arvutitesse erinevad k\u00fcpsised, kui peaksite meie veebisaite k\u00fclastades kasutama erinevaid arvuteid. K\u00fcpsised ei kanna viirusi ega saa h\u00e4vitada muud teie arvutisse salvestatud teavet.<\/p>\n<p>K\u00fcpsiseid liigitatakse tavaliselt nende p\u00e4ritolu ja selle j\u00e4rgi, kas neid on teie veebibrauseris salvestatud. K\u00fcpsiseid v\u00f5ib saata teile teie k\u00fclastatavast veebisaidist (s.o esimese osapoole k\u00fcpsised) v\u00f5i m\u00f5nelt muult organisatsioonilt, mis pakub teenuseid praegusele veebisaidile, n\u00e4iteks anal\u00fc\u00fctikute ja statistikaettev\u00f5tte kaudu (st kolmandate osapoolte k\u00fcpsised). K\u00fcpsised v\u00f5ib jagada ka sessioonik\u00fcpsisteks ja p\u00fcsik\u00fcpsisteks. Seansik\u00fcpsis saadetakse teie arvutisse, nii et veebilehed saaksid teie k\u00fclastuse ajal korralikult t\u00f6\u00f6tada ja neid ei salvestata teie arvutisse, vaid need kustutatakse teie veebibrauseri sulgemisel. Seansik\u00fcpsise funktsioon on n\u00e4iteks see, et see aktiveeritakse, kui naasete veebisaidi varem k\u00fclastatud ossa ja h\u00f5lbustab seel\u00e4bi veebisaidil liikumist. P\u00fcsik\u00fcpsis seevastu salvestatakse teie veebibrauserisse ja v\u00f5imaldab seega veebilehel tuvastada teie arvuti IP-aadressi isegi siis, kui l\u00fclitate arvuti v\u00e4lja v\u00f5i logite k\u00fclastuste vahel v\u00e4lja.<\/p>\n<p>V\u00f5ime k\u00fcpsiseid kasutada selleks, et:<\/p>\n<ul>\n<li>Anal\u00fc\u00fcsida meie veebisaidi kasutajakogemust<\/li>\n<li>K\u00fclastajate suundumuste ja demograafilise anal\u00fc\u00fcsi tegemine (individuaalset profileerimist me ei tee)<\/li>\n<\/ul>\n<p>Toimivuse m\u00f5\u00f5tmise k\u00fcpsised \u2013 meie sait kasutab Google Analyticsit, mis on veebis \u00fcks levinumaid ja usaldusv\u00e4\u00e4rseimaid anal\u00fc\u00fcsilahendusi. GA aitab meil m\u00f5ista, kuidas te meie saiti kasutate, ja aitab meil leida viise, kuidas saaksime teie kogemusi paremaks muuta. See aitab meil oma veebisaidil paremat kasutatavust pakkuda.<\/p>\n<p>Google Analytics j\u00e4lgib selliseid asju nagu saidil veedetud aeg ja k\u00fclastatud lehed, nii et saaksime j\u00e4tkata kaasakiskuva sisu tootmist. See k\u00fcpsis ei tuvasta teid. Google Analyticsi k\u00fcpsiste kohta lisateabe saamiseks vaadake ametlikku Google Analyticsi lehte. V\u00f5ite GA-st loobuda; juhised selle kohta on saadaval aadressil https:\/\/tools.google.com\/dlpage\/gaoptout.<\/p>\n<p>Enamikul veebibrauseritel on vaikeseade, mis lubab k\u00fcpsiste kasutamist. V\u00f5ite h\u00f5lpsalt loobuda ettev\u00f5tte veebisaitide lubamisest salvestada k\u00fcpsiseid teie arvutisse veebibrauseris oleva seadistusega, sealhulgas k\u00fcpsiste blokeerimise v\u00f5i teie arvutisse salvestatud k\u00fcpsiste kustutamisega. Kuidas k\u00fcpsiste s\u00e4tteid kustutada v\u00f5i muuta, on kirjas teie veebibrauseri juhistes v\u00f5i utiliidifunktsioonis, mis tavaliselt on veebibrauseris saadaval.<\/p>\n<h4>9. Serveri logid<\/h4>\n<p>Server, mis majutab meie veebisaite hekotek.com ja hekotek.ee, v\u00f5ib salvestada teie serverile tehtud p\u00e4ringuid (avatud link, kasutatav brauser, samuti seade, IP-aadress, juurdep\u00e4\u00e4suaeg jne). Need andmed kasutatakse ainult tehnilistel eesm\u00e4rkidel meie veebisaidi t\u00e4ieliku funktsionaalsuse ja turvalisuse tagamiseks, samuti v\u00f5imalike turvaintsidentide uurimiseks.<\/p>\n<h4>10. Privaatsuspoliitika muudatused<\/h4>\n<p>Pange t\u00e4hele, et privaatsuspoliitika tingimusi v\u00f5idakse muuta v\u00f5i muuta. K\u00f5ik uued versioonid avaldatakse ettev\u00f5tte veebisaidil. J\u00e4relikult peaksite need tingimused regulaarselt \u00fcle vaatama, et olla kindel muudatustega. Oluliste muudatuste korral saadame teile e-kirja, kui olete meile oma e-posti aadressi andnud, et teavitada teid tehtud muudatustest.<\/p>\n<p>Kui muudatused puudutavad isikuandmete t\u00f6\u00f6tlemist, mida teostame teie n\u00f5usoleku alusel, anname teile v\u00f5imaluse taaskord anda oma n\u00f5usolek t\u00f6\u00f6tlemiseks esitatud uute tingimustega.<\/p>\n<\/div><div class=\"fusion-clearfix\"><\/div><\/div><\/div><div class=\"fusion-layout-column fusion_builder_column fusion-builder-column-1 fusion_builder_column_1_3 1_3 fusion-one-third fusion-column-last\" style=\"--awb-bg-size:cover;width:33.333333333333%;width:calc(33.333333333333% - ( ( 4% ) * 0.33333333333333 ) );\"><div class=\"fusion-column-wrapper fusion-column-has-shadow fusion-flex-column-wrapper-legacy\"><div class=\"fusion-sep-clear\"><\/div><div class=\"fusion-separator fusion-clearfix\" style=\"float:left;margin-top:1em;margin-bottom:1em;width:100%;max-width:50px;\"><div class=\"fusion-separator-border sep-single sep-solid\" style=\"--awb-height:20px;--awb-amount:20px;--awb-sep-color:#005a36;border-color:#005a36;border-top-width:2px;\"><\/div><\/div><div class=\"fusion-sep-clear\"><\/div><div class=\"fusion-text fusion-text-2\" style=\"--awb-font-size:14px;\"><p>Kui teil on selle privaatsuspoliitikaga seotud k\u00fcsimusi, kui kahtlustate, et seda privaatsuspoliitikat on rikutud, v\u00f5i kui soovite selles privaatsuspoliitikas toodud p\u00f5hjustel meiega \u00fchendust v\u00f5tta, p\u00f6\u00f6rduge vajaliku info saamiseks meie tegevjuhi poole.<\/p>\n<\/div><div class=\"fusion-clearfix\"><\/div><\/div><\/div><\/div><\/div><\/p>\n","protected":false},"excerpt":{"rendered":"","protected":false},"author":2,"featured_media":0,"parent":0,"menu_order":0,"comment_status":"closed","ping_status":"closed","template":"100-width.php","meta":{"footnotes":""},"class_list":["post-4097","page","type-page","status-publish","hentry"],"_links":{"self":[{"href":"https:\/\/hekotek.ee\/et\/wp-json\/wp\/v2\/pages\/4097","targetHints":{"allow":["GET"]}}],"collection":[{"href":"https:\/\/hekotek.ee\/et\/wp-json\/wp\/v2\/pages"}],"about":[{"href":"https:\/\/hekotek.ee\/et\/wp-json\/wp\/v2\/types\/page"}],"author":[{"embeddable":true,"href":"https:\/\/hekotek.ee\/et\/wp-json\/wp\/v2\/users\/2"}],"replies":[{"embeddable":true,"href":"https:\/\/hekotek.ee\/et\/wp-json\/wp\/v2\/comments?post=4097"}],"version-history":[{"count":36,"href":"https:\/\/hekotek.ee\/et\/wp-json\/wp\/v2\/pages\/4097\/revisions"}],"predecessor-version":[{"id":29149,"href":"https:\/\/hekotek.ee\/et\/wp-json\/wp\/v2\/pages\/4097\/revisions\/29149"}],"wp:attachment":[{"href":"https:\/\/hekotek.ee\/et\/wp-json\/wp\/v2\/media?parent=4097"}],"curies":[{"name":"wp","href":"https:\/\/api.w.org\/{rel}","templated":true}]}}