{"id":27918,"date":"2020-09-09T07:56:41","date_gmt":"2020-09-09T04:56:41","guid":{"rendered":"https:\/\/hekotek.ee\/?page_id=27918"},"modified":"2025-04-22T13:14:24","modified_gmt":"2025-04-22T10:14:24","slug":"uutiset","status":"publish","type":"page","link":"https:\/\/hekotek.ee\/fi\/uutiset\/","title":{"rendered":"Uutiset"},"content":{"rendered":"<p><div class=\"fusion-fullwidth fullwidth-box fusion-builder-row-1 fusion-flex-container nonhundred-percent-fullwidth non-hundred-percent-height-scrolling gradient-container-1\" style=\"--awb-border-radius-top-left:0px;--awb-border-radius-top-right:0px;--awb-border-radius-bottom-right:0px;--awb-border-radius-bottom-left:0px;--awb-margin-top:-30px;--awb-flex-wrap:wrap;\" ><div class=\"fusion-builder-row fusion-row fusion-flex-align-items-flex-start fusion-flex-content-wrap\" style=\"max-width:1248px;margin-left: calc(-4% \/ 2 );margin-right: calc(-4% \/ 2 );\"><div class=\"fusion-layout-column fusion_builder_column fusion-builder-column-0 fusion_builder_column_1_1 1_1 fusion-flex-column\" style=\"--awb-bg-size:cover;--awb-width-large:100%;--awb-order-large:0;--awb-margin-top-large:0px;--awb-spacing-right-large:1.92%;--awb-margin-bottom-large:20px;--awb-spacing-left-large:1.92%;--awb-width-medium:100%;--awb-order-medium:0;--awb-spacing-right-medium:1.92%;--awb-spacing-left-medium:1.92%;--awb-width-small:100%;--awb-order-small:0;--awb-spacing-right-small:1.92%;--awb-spacing-left-small:1.92%;\"><div class=\"fusion-column-wrapper fusion-column-has-shadow fusion-flex-justify-content-flex-start fusion-content-layout-column\">\n\t\t\t\t<p class=\"rs-p-wp-fix\"><\/p>\n\t\t\t\t<sr7-module data-alias=\"uutiset\" data-id=\"79\" id=\"SR7_79_1\" data-version=\"6.7.51\">\n\t\t\t\t\t<sr7-adjuster><\/sr7-adjuster>\n\t\t\t\t\t<sr7-content>\n\t\t\t\t\t\t<sr7-slide id=\"SR7_79_1-147\" data-key=\"147\">\n\t\t\t\t\t\t\t<sr7-bg id=\"SR7_79_1-147-slidebg\" class=\"sr7-layer\"><noscript><img decoding=\"async\" src=\"https:\/\/hekotek.ee\/wp-content\/uploads\/2020\/09\/0034534534.jpg\" alt=\"\" title=\"0034534534\"><\/noscript><\/sr7-bg>\n\t\t\t\t\t\t\t<sr7-txt id=\"SR7_79_1-147-1\" class=\"sr7-layer\">Uute projektide k\u00e4ivitamine, ehitatud tehaste k\u00e4ivitused, osalused messidel ja meie tootmisv\u00f5imaluste uuendused on uudised, mida tahame teiega jagada. Olge kursis Hekotekis toimuvaga.<\/sr7-txt>\n\t\t\t\t\t\t\t<sr7-txt id=\"SR7_79_1-147-2\" class=\"sr7-layer\">UUTISET<\/sr7-txt>\n\t\t\t\t\t\t<\/sr7-slide>\n\t\t\t\t\t\t<sr7-slide id=\"SR7_79_1-148\" data-key=\"148\">\n\t\t\t\t\t\t<\/sr7-slide>\n\t\t\t\t\t<\/sr7-content>\n\t\t\t\t<\/sr7-module>\n\t\t\t\t<script>\n\t\t\t\t\twindow.SR7 ??={};SR7.PMH ??={}; SR7.PMH[\"SR7_79_1\"] = {cn:100,state:false,fn: function() { if (window._tpt!==undefined && window._tpt.prepareModuleHeight !== undefined) {  _tpt.prepareModuleHeight({id:\"SR7_79_1\",el:[400,400,400,400],type:'standard',shdw:'0',gh:[400,400,400,400],gw:[1200,1024,778,480],vpt:['-200px'],size:{fullWidth:true, fullHeight:false},mh:'0',onh:0,onw:0,bg:{color:'transparent'},plType:'0',plColor:'#ffffff'});   SR7.PMH[\"SR7_79_1\"].state=true;} else if(SR7.PMH[\"SR7_79_1\"].cn-->0)\tsetTimeout( SR7.PMH[\"SR7_79_1\"].fn,19);}};SR7.PMH[\"SR7_79_1\" ].fn();\n\t\t\t\t<\/script>\n<\/div><\/div><\/div><\/div><div class=\"fusion-fullwidth fullwidth-box fusion-builder-row-2 fusion-flex-container nonhundred-percent-fullwidth non-hundred-percent-height-scrolling gradient-container-2\" style=\"--awb-border-radius-top-left:0px;--awb-border-radius-top-right:0px;--awb-border-radius-bottom-right:0px;--awb-border-radius-bottom-left:0px;--awb-padding-top:60px;--awb-padding-bottom:30px;--awb-flex-wrap:wrap;\" ><div class=\"fusion-builder-row fusion-row fusion-flex-align-items-flex-start fusion-flex-content-wrap\" style=\"max-width:1248px;margin-left: calc(-4% \/ 2 );margin-right: calc(-4% \/ 2 );\"><div class=\"fusion-layout-column fusion_builder_column fusion-builder-column-1 fusion_builder_column_1_4 1_4 fusion-flex-column fusion-no-small-visibility\" style=\"--awb-bg-size:cover;--awb-width-large:25%;--awb-margin-top-large:0px;--awb-spacing-right-large:7.68%;--awb-margin-bottom-large:20px;--awb-spacing-left-large:7.68%;--awb-width-medium:100%;--awb-order-medium:0;--awb-spacing-right-medium:1.92%;--awb-spacing-left-medium:1.92%;--awb-width-small:100%;--awb-order-small:0;--awb-spacing-right-small:1.92%;--awb-spacing-left-small:1.92%;\" data-scroll-devices=\"small-visibility,medium-visibility,large-visibility\"><div class=\"fusion-column-wrapper fusion-column-has-shadow fusion-flex-justify-content-flex-start fusion-content-layout-column\"><div class=\"fusion-widget-area awb-widget-area-element fusion-widget-area-1 fusion-content-widget-area\" style=\"--awb-title-color:#005a36;--awb-padding:0px 0px 0px 0px;\"><section id=\"sub_categories_widget-5\" class=\"widget widget_sub_categories\" style=\"border-style: solid;border-color:transparent;border-width:0px;\"><div class=\"heading\"><h4 class=\"widget-title\">Arkisto<\/h4><\/div><ul>\t<li class=\"cat-item cat-item-858\"><a href=\"https:\/\/hekotek.ee\/fi\/category\/uutiset-fi\/2025-fi\/\">2025<\/a>\n<\/li>\n\t<li class=\"cat-item cat-item-830\"><a href=\"https:\/\/hekotek.ee\/fi\/category\/uutiset-fi\/2024-fi\/\">2024<\/a>\n<\/li>\n\t<li class=\"cat-item cat-item-832\"><a href=\"https:\/\/hekotek.ee\/fi\/category\/uutiset-fi\/2023-fi\/\">2023<\/a>\n<\/li>\n<\/ul><\/section><div class=\"fusion-additional-widget-content\"><\/div><\/div><\/div><\/div><div class=\"fusion-layout-column fusion_builder_column fusion-builder-column-2 fusion_builder_column_3_4 3_4 fusion-flex-column\" style=\"--awb-bg-size:cover;--awb-width-large:75%;--awb-margin-top-large:0px;--awb-spacing-right-large:2.56%;--awb-margin-bottom-large:20px;--awb-spacing-left-large:2.56%;--awb-width-medium:100%;--awb-order-medium:0;--awb-spacing-right-medium:1.92%;--awb-spacing-left-medium:1.92%;--awb-width-small:100%;--awb-order-small:0;--awb-spacing-right-small:1.92%;--awb-spacing-left-small:1.92%;\"><div class=\"fusion-column-wrapper fusion-column-has-shadow fusion-flex-justify-content-flex-start fusion-content-layout-column\"><div class=\"fusion-blog-shortcode fusion-blog-shortcode-1 fusion-blog-archive fusion-blog-layout-grid-wrapper fusion-blog-pagination\" id=\"news-showcase\"><style type=\"text\/css\">.fusion-blog-shortcode-1 .fusion-blog-layout-grid .fusion-post-grid{padding:10px;}.fusion-blog-shortcode-1 .fusion-posts-container{margin-left: -10px !important; margin-right:-10px !important;}<\/style><div class=\"fusion-posts-container fusion-posts-container-pagination fusion-blog-rollover fusion-blog-layout-grid fusion-blog-layout-grid-3 isotope fusion-blog-equal-heights\" data-pages=\"1\" data-grid-col-space=\"20\" style=\"margin: -10px -10px 0;min-height:500px;\"><article id=\"blog-1-post-31831\" class=\"fusion-post-grid post-31831 post type-post status-publish format-standard hentry category-2025-fi category-uutiset-fi\">\n<div class=\"fusion-post-wrapper\" style=\"background-color:rgba(255,255,255,0);border:1px solid #ebeaea;border-bottom-width:3px;\">\n\n<div class=\"fusion-post-content-wrapper\" style=\"padding:30px 25px 40px 25px;\"><div class=\"fusion-post-content post-content\"><h2 class=\"blog-shortcode-post-title entry-title\"><a href=\"https:\/\/hekotek.ee\/fi\/sopimus-laitteiden-toimittamisesta-japaniin\/\">Sopimus laitteiden toimittamisesta Japaniin<\/a><\/h2><p class=\"fusion-single-line-meta\"><span class=\"vcard\" style=\"display: none;\"><span class=\"fn\"><a href=\"https:\/\/hekotek.ee\/fi\/author\/jana\/\" title=\"Kirjoittanut: Jana\" rel=\"author\">Jana<\/a><\/span><\/span><span class=\"updated\" style=\"display:none;\">2025-11-08T14:36:14+02:00<\/span><span>26.10.2025<\/span><span class=\"fusion-inline-sep\">|<\/span><\/p><div class=\"fusion-content-sep sep-none\"><\/div><div class=\"fusion-post-content-container\"><p>Kushiro Wood Products (KWP) on p\u00e4\u00e4tt\u00e4nyt rakentaa sahan Kushiroon, Hokkaidon saarelle. Kushiroon rakennettava laitos tulee olemaan yksi alan moderneimmista...<\/p> <a href=\"https:\/\/hekotek.ee\/fi\/sopimus-laitteiden-toimittamisesta-japaniin\/\"> <i class=\"fas fa-arrow-right\"><\/i><\/a><\/div><\/div><\/div><div class=\"fusion-clearfix\"><\/div><\/div>\n<\/article>\n<article id=\"blog-1-post-30222\" class=\"fusion-post-grid post-30222 post type-post status-publish format-standard hentry category-2025-fi category-uutiset-fi\">\n<div class=\"fusion-post-wrapper\" style=\"background-color:rgba(255,255,255,0);border:1px solid #ebeaea;border-bottom-width:3px;\">\n\n<div class=\"fusion-post-content-wrapper\" style=\"padding:30px 25px 40px 25px;\"><div class=\"fusion-post-content post-content\"><h2 class=\"blog-shortcode-post-title entry-title\"><a href=\"https:\/\/hekotek.ee\/fi\/hekotek-lignan-messuilla\/\">Hekotek Lignan messuilla<\/a><\/h2><p class=\"fusion-single-line-meta\"><span class=\"vcard\" style=\"display: none;\"><span class=\"fn\"><a href=\"https:\/\/hekotek.ee\/fi\/author\/jana\/\" title=\"Kirjoittanut: Jana\" rel=\"author\">Jana<\/a><\/span><\/span><span class=\"updated\" style=\"display:none;\">2025-07-18T12:01:52+03:00<\/span><span>09.04.2025<\/span><span class=\"fusion-inline-sep\">|<\/span><\/p><div class=\"fusion-content-sep sep-none\"><\/div><div class=\"fusion-post-content-container\"><p>Ligna-messut Hannoverissa (26.-30.5.2025) kokoavat j\u00e4lleen puunjalostusalan eri toimijat ja osaajat yhteen vaihtamaan ajatuksia...<\/p> <a href=\"https:\/\/hekotek.ee\/fi\/hekotek-lignan-messuilla\/\"> <i class=\"fas fa-arrow-right\"><\/i><\/a><\/div><\/div><\/div><div class=\"fusion-clearfix\"><\/div><\/div>\n<\/article>\n<article id=\"blog-1-post-30171\" class=\"fusion-post-grid post-30171 post type-post status-publish format-standard hentry category-2025-fi category-uutiset-fi\">\n<div class=\"fusion-post-wrapper\" style=\"background-color:rgba(255,255,255,0);border:1px solid #ebeaea;border-bottom-width:3px;\">\n\n<div class=\"fusion-post-content-wrapper\" style=\"padding:30px 25px 40px 25px;\"><div class=\"fusion-post-content post-content\"><h2 class=\"blog-shortcode-post-title entry-title\"><a href=\"https:\/\/hekotek.ee\/fi\/laitetoimitus-japanin-johtavalle-puunjalostusyritykselle-chugoku-mokuzaille\/\">Hekotek toimittaa Japaniin Chugoku Mokuzaille tukink\u00e4sittelylaitteet<\/a><\/h2><p class=\"fusion-single-line-meta\"><span class=\"vcard\" style=\"display: none;\"><span class=\"fn\"><a href=\"https:\/\/hekotek.ee\/fi\/author\/tarmo\/\" title=\"Kirjoittanut: Tarmo\" rel=\"author\">Tarmo<\/a><\/span><\/span><span class=\"updated\" style=\"display:none;\">2025-07-18T12:04:18+03:00<\/span><span>20.03.2025<\/span><span class=\"fusion-inline-sep\">|<\/span><\/p><div class=\"fusion-content-sep sep-none\"><\/div><div class=\"fusion-post-content-container\"><p>Hekotek on allekirjoittanut japanilaisen Chugoku Mokuzain (Chugoku Lumber Co Ltd.) kanssa sopimuksen...<\/p> <a href=\"https:\/\/hekotek.ee\/fi\/laitetoimitus-japanin-johtavalle-puunjalostusyritykselle-chugoku-mokuzaille\/\"> <i class=\"fas fa-arrow-right\"><\/i><\/a><\/div><\/div><\/div><div class=\"fusion-clearfix\"><\/div><\/div>\n<\/article>\n<article id=\"blog-1-post-27968\" class=\"fusion-post-grid post-27968 post type-post status-publish format-standard hentry category-2024-fi category-uutiset-fi\">\n<div class=\"fusion-post-wrapper\" style=\"background-color:rgba(255,255,255,0);border:1px solid #ebeaea;border-bottom-width:3px;\">\n\n<div class=\"fusion-post-content-wrapper\" style=\"padding:30px 25px 40px 25px;\"><div class=\"fusion-post-content post-content\"><h2 class=\"blog-shortcode-post-title entry-title\"><a href=\"https:\/\/hekotek.ee\/fi\/hekotek-as-toimittaa-ruotsiin-arctic-paper-grycksbo-ablle-uuden-pellettilaitoksen\/\">Hekotek AS toimittaa Ruotsiin Arctic Paper Grycksbo AB:lle pellettilaitoksen<\/a><\/h2><p class=\"fusion-single-line-meta\"><span class=\"vcard\" style=\"display: none;\"><span class=\"fn\"><a href=\"https:\/\/hekotek.ee\/fi\/author\/kai\/\" title=\"Kirjoittanut: Kai\" rel=\"author\">Kai<\/a><\/span><\/span><span class=\"updated\" style=\"display:none;\">2025-07-18T12:04:52+03:00<\/span><span>28.08.2024<\/span><span class=\"fusion-inline-sep\">|<\/span><\/p><div class=\"fusion-content-sep sep-none\"><\/div><div class=\"fusion-post-content-container\"><p>Kansainv\u00e4linen paperi- ja selluyhti\u00f6 Arctic Paper Grycksbo AB ja Hekotek ovat allekirjoittaneet sopimuksen korkean teknologian...<\/p> <a href=\"https:\/\/hekotek.ee\/fi\/hekotek-as-toimittaa-ruotsiin-arctic-paper-grycksbo-ablle-uuden-pellettilaitoksen\/\"> <i class=\"fas fa-arrow-right\"><\/i><\/a><\/div><\/div><\/div><div class=\"fusion-clearfix\"><\/div><\/div>\n<\/article>\n<article id=\"blog-1-post-27979\" class=\"fusion-post-grid post-27979 post type-post status-publish format-standard hentry category-2024-fi category-uutiset-fi\">\n<div class=\"fusion-post-wrapper\" style=\"background-color:rgba(255,255,255,0);border:1px solid #ebeaea;border-bottom-width:3px;\">\n\n<div class=\"fusion-post-content-wrapper\" style=\"padding:30px 25px 40px 25px;\"><div class=\"fusion-post-content post-content\"><h2 class=\"blog-shortcode-post-title entry-title\"><a href=\"https:\/\/hekotek.ee\/fi\/johtajavaihdoksia-hekotekissa\/\">Johtajavaihdoksia Hekotekissa<\/a><\/h2><p class=\"fusion-single-line-meta\"><span class=\"vcard\" style=\"display: none;\"><span class=\"fn\"><a href=\"https:\/\/hekotek.ee\/fi\/author\/kai\/\" title=\"Kirjoittanut: Kai\" rel=\"author\">Kai<\/a><\/span><\/span><span class=\"updated\" style=\"display:none;\">2025-07-18T12:07:06+03:00<\/span><span>28.05.2024<\/span><span class=\"fusion-inline-sep\">|<\/span><\/p><div class=\"fusion-content-sep sep-none\"><\/div><div class=\"fusion-post-content-container\"><p>AS Hekotekin uutena toimitusjohtajana ja johtoryhm\u00e4n puheenjohtajana aloittaa 1.6.2024 Margo Muzakko...<\/p> <a href=\"https:\/\/hekotek.ee\/fi\/johtajavaihdoksia-hekotekissa\/\"> <i class=\"fas fa-arrow-right\"><\/i><\/a><\/div><\/div><\/div><div class=\"fusion-clearfix\"><\/div><\/div>\n<\/article>\n<article id=\"blog-1-post-28006\" class=\"fusion-post-grid post-28006 post type-post status-publish format-standard hentry category-2023-fi category-uutiset-fi\">\n<div class=\"fusion-post-wrapper\" style=\"background-color:rgba(255,255,255,0);border:1px solid #ebeaea;border-bottom-width:3px;\">\n\n<div class=\"fusion-post-content-wrapper\" style=\"padding:30px 25px 40px 25px;\"><div class=\"fusion-post-content post-content\"><h2 class=\"blog-shortcode-post-title entry-title\"><a href=\"https:\/\/hekotek.ee\/fi\/yhteistyo-ruotsalaisen-moelven-konsernin-kanssa-jatkuu-hekotek-toimittaa-pellettitehtaan\/\">Hekotek toimittaa pellettitehtaan Ruotsiin<\/a><\/h2><p class=\"fusion-single-line-meta\"><span class=\"vcard\" style=\"display: none;\"><span class=\"fn\"><a href=\"https:\/\/hekotek.ee\/fi\/author\/kai\/\" title=\"Kirjoittanut: Kai\" rel=\"author\">Kai<\/a><\/span><\/span><span class=\"updated\" style=\"display:none;\">2025-07-18T12:57:09+03:00<\/span><span>26.11.2023<\/span><span class=\"fusion-inline-sep\">|<\/span><\/p><div class=\"fusion-content-sep sep-none\"><\/div><div class=\"fusion-post-content-container\"><p>Vuosia sitten alkanut yhteisty\u00f6 norjalaisen puuteollisuuskonserni Moelvenin kanssa jatkuu...<\/p> <a href=\"https:\/\/hekotek.ee\/fi\/yhteistyo-ruotsalaisen-moelven-konsernin-kanssa-jatkuu-hekotek-toimittaa-pellettitehtaan\/\"> <i class=\"fas fa-arrow-right\"><\/i><\/a><\/div><\/div><\/div><div class=\"fusion-clearfix\"><\/div><\/div>\n<\/article>\n<article id=\"blog-1-post-28011\" class=\"fusion-post-grid post-28011 post type-post status-publish format-standard hentry category-2023-fi category-uutiset-fi\">\n<div class=\"fusion-post-wrapper\" style=\"background-color:rgba(255,255,255,0);border:1px solid #ebeaea;border-bottom-width:3px;\">\n\n<div class=\"fusion-post-content-wrapper\" style=\"padding:30px 25px 40px 25px;\"><div class=\"fusion-post-content post-content\"><h2 class=\"blog-shortcode-post-title entry-title\"><a href=\"https:\/\/hekotek.ee\/fi\/tukinlajittelulinja-ranskaan-societe-europeenne-des-boislle\/\">Tukinlajittelulinja Ranskaan Soci\u00e9t\u00e9 Europ\u00e9enne des Bois:lle<\/a><\/h2><p class=\"fusion-single-line-meta\"><span class=\"vcard\" style=\"display: none;\"><span class=\"fn\"><a href=\"https:\/\/hekotek.ee\/fi\/author\/kai\/\" title=\"Kirjoittanut: Kai\" rel=\"author\">Kai<\/a><\/span><\/span><span class=\"updated\" style=\"display:none;\">2025-07-18T12:58:10+03:00<\/span><span>18.04.2023<\/span><span class=\"fusion-inline-sep\">|<\/span><\/p><div class=\"fusion-content-sep sep-none\"><\/div><div class=\"fusion-post-content-container\"><p>Hekotek ja Saint-Amans-Soultissa Ranskassa sijaitseva puunjalostusyritys Soci\u00e9t\u00e9 Europ\u00e9enne des Bois S.A.S. allekirjoittivat...<\/p> <a href=\"https:\/\/hekotek.ee\/fi\/tukinlajittelulinja-ranskaan-societe-europeenne-des-boislle\/\"> <i class=\"fas fa-arrow-right\"><\/i><\/a><\/div><\/div><\/div><div class=\"fusion-clearfix\"><\/div><\/div>\n<\/article>\n<div class=\"fusion-clearfix\"><\/div><\/div><\/div><\/div><\/div><\/div><\/div><\/p>\n","protected":false},"excerpt":{"rendered":"","protected":false},"author":14,"featured_media":0,"parent":0,"menu_order":0,"comment_status":"closed","ping_status":"closed","template":"100-width.php","meta":{"footnotes":""},"class_list":["post-27918","page","type-page","status-publish","hentry"],"_links":{"self":[{"href":"https:\/\/hekotek.ee\/fi\/wp-json\/wp\/v2\/pages\/27918","targetHints":{"allow":["GET"]}}],"collection":[{"href":"https:\/\/hekotek.ee\/fi\/wp-json\/wp\/v2\/pages"}],"about":[{"href":"https:\/\/hekotek.ee\/fi\/wp-json\/wp\/v2\/types\/page"}],"author":[{"embeddable":true,"href":"https:\/\/hekotek.ee\/fi\/wp-json\/wp\/v2\/users\/14"}],"replies":[{"embeddable":true,"href":"https:\/\/hekotek.ee\/fi\/wp-json\/wp\/v2\/comments?post=27918"}],"version-history":[{"count":13,"href":"https:\/\/hekotek.ee\/fi\/wp-json\/wp\/v2\/pages\/27918\/revisions"}],"predecessor-version":[{"id":30497,"href":"https:\/\/hekotek.ee\/fi\/wp-json\/wp\/v2\/pages\/27918\/revisions\/30497"}],"wp:attachment":[{"href":"https:\/\/hekotek.ee\/fi\/wp-json\/wp\/v2\/media?parent=27918"}],"curies":[{"name":"wp","href":"https:\/\/api.w.org\/{rel}","templated":true}]}}